{"id":545,"date":"2016-09-09T09:10:57","date_gmt":"2016-09-09T09:10:57","guid":{"rendered":"https:\/\/kingthe.me\/vixa\/?page_id=545"},"modified":"2025-05-26T14:41:46","modified_gmt":"2025-05-26T12:41:46","slug":"contactez-nous","status":"publish","type":"page","link":"https:\/\/sbx82.cod.cc\/cfao\/supeco\/contactez-nous\/","title":{"rendered":"Contactez nous"},"content":{"rendered":"\t\t<div data-elementor-type=\"wp-page\" data-elementor-id=\"545\" class=\"elementor elementor-545\" data-elementor-post-type=\"page\">\n\t\t\t\t<div class=\"elementor-element elementor-element-0e6526c elementor-hidden-tablet elementor-hidden-mobile e-flex e-con-boxed e-con e-parent\" data-id=\"0e6526c\" data-element_type=\"container\">\n\t\t\t\t\t<div class=\"e-con-inner\">\n\t\t\t\t<div class=\"elementor-element elementor-element-35de1b2 elementor-widget elementor-widget-spacer\" data-id=\"35de1b2\" data-element_type=\"widget\" data-widget_type=\"spacer.default\">\n\t\t\t\t<div class=\"elementor-widget-container\">\n\t\t\t\t\t\t\t<div class=\"elementor-spacer\">\n\t\t\t<div class=\"elementor-spacer-inner\"><\/div>\n\t\t<\/div>\n\t\t\t\t\t\t<\/div>\n\t\t\t\t<\/div>\n\t\t\t\t\t<\/div>\n\t\t\t\t<\/div>\n\t\t<div class=\"elementor-element elementor-element-23df631 e-flex e-con-boxed e-con e-parent\" data-id=\"23df631\" data-element_type=\"container\">\n\t\t\t\t\t<div class=\"e-con-inner\">\n\t\t<div class=\"elementor-element elementor-element-744807f e-con-full e-flex e-con e-child\" data-id=\"744807f\" data-element_type=\"container\">\n\t\t\t\t<div class=\"elementor-element elementor-element-aedb1d0 elementor-widget elementor-widget-heading\" data-id=\"aedb1d0\" data-element_type=\"widget\" data-widget_type=\"heading.default\">\n\t\t\t\t<div class=\"elementor-widget-container\">\n\t\t\t\t\t<h2 class=\"elementor-heading-title elementor-size-default\">Contactez-nous<\/h2>\t\t\t\t<\/div>\n\t\t\t\t<\/div>\n\t\t\t\t<div class=\"elementor-element elementor-element-2466118 p-mt-0 elementor-widget elementor-widget-text-editor\" data-id=\"2466118\" data-element_type=\"widget\" data-widget_type=\"text-editor.default\">\n\t\t\t\t<div class=\"elementor-widget-container\">\n\t\t\t\t\t\t\t\t\t<div class=\"kc-elm kc-css-3538968 kc_text_block text-desc\"><p>MERCI NOTER QUE LES CANDIDATURES POSTEES ICI NE SERONT PAS TRAITEES.<\/p><p>Vous souhaitez un renseignement sur nos activit\u00e9s en Afrique de l\u2018Ouest ?<\/p><p>Vous voulez proposer vos services et\/ou produits pour l&rsquo;Afrique de l\u2019Ouest ?<\/p><p>Nous vous invitons \u00e0 prendre contact la structure qui correspond \u00e0 votre besoin en remplissant le formulaire ci-contre.<\/p><\/div><div class=\"kc-elm kc-css-1134071 kc_text_block text-desc\"><p>Merci de noter que CFAO Retail op\u00e8re des magasins Supeco en Afrique de l\u2019Ouest uniquement &#8211; pas en France.<\/p><p>Nous ne pourrons donc pas r\u00e9pondre aux questions relatives aux activit\u00e9s fran\u00e7aises de Supeco.<\/p><p>Merci de votre compr\u00e9hension.<\/p><\/div>\t\t\t\t\t\t\t\t<\/div>\n\t\t\t\t<\/div>\n\t\t\t\t<\/div>\n\t\t<div class=\"elementor-element elementor-element-ad5835f e-con-full e-flex e-con e-child\" data-id=\"ad5835f\" data-element_type=\"container\">\n\t\t\t\t<div class=\"elementor-element elementor-element-8479308 elementor-widget elementor-widget-shortcode\" data-id=\"8479308\" data-element_type=\"widget\" data-widget_type=\"shortcode.default\">\n\t\t\t\t<div class=\"elementor-widget-container\">\n\t\t\t\t\t\t\t<div class=\"elementor-shortcode\">\n<div class=\"wpcf7 no-js\" id=\"wpcf7-f867-o1\" lang=\"en-US\" dir=\"ltr\" data-wpcf7-id=\"867\">\n<div class=\"screen-reader-response\"><p role=\"status\" aria-live=\"polite\" aria-atomic=\"true\"><\/p> <ul><\/ul><\/div>\n<form action=\"\/cfao\/supeco\/wp-json\/wp\/v2\/pages\/545#wpcf7-f867-o1\" method=\"post\" class=\"wpcf7-form init\" aria-label=\"Contact form\" novalidate=\"novalidate\" data-status=\"init\">\n<div style=\"display: none;\">\n<input type=\"hidden\" name=\"_wpcf7\" value=\"867\" \/>\n<input type=\"hidden\" name=\"_wpcf7_version\" value=\"6.0.6\" \/>\n<input type=\"hidden\" name=\"_wpcf7_locale\" value=\"en_US\" \/>\n<input type=\"hidden\" name=\"_wpcf7_unit_tag\" value=\"wpcf7-f867-o1\" \/>\n<input type=\"hidden\" name=\"_wpcf7_container_post\" value=\"0\" \/>\n<input type=\"hidden\" name=\"_wpcf7_posted_data_hash\" value=\"\" \/>\n<\/div>\n<p><label class=\"label\">Civilit\u00e9<em>*<\/em><br \/>\n<\/label><label class=\"input-selection\"><span class=\"wpcf7-form-control-wrap\" data-name=\"your-civility\"><select class=\"wpcf7-form-control wpcf7-select wpcf7-validates-as-required\" aria-required=\"true\" aria-invalid=\"false\" name=\"your-civility\"><option value=\"\">&#8212;Please choose an option&#8212;<\/option><option value=\"Madame\">Madame<\/option><option value=\"Monsieur\">Monsieur<\/option><\/select><\/span><\/label>\n<\/p>\n<div class=\"clearfix margin-bottom1\">\n<\/div>\n<p><label class=\"label\">Name <em>*<\/em><\/label><br \/>\n<label class=\"input\"><span class=\"wpcf7-form-control-wrap\" data-name=\"your-name\"><input size=\"40\" maxlength=\"400\" class=\"wpcf7-form-control wpcf7-text wpcf7-validates-as-required\" aria-required=\"true\" aria-invalid=\"false\" value=\"\" type=\"text\" name=\"your-name\" \/><\/span><\/label>\n<\/p>\n<div class=\"clearfix margin-bottom1\">\n<\/div>\n<p><label class=\"label\">E-mail <em>*<\/em><\/label><br \/>\n<label class=\"input\"><span class=\"wpcf7-form-control-wrap\" data-name=\"your-email\"><input size=\"40\" maxlength=\"400\" class=\"wpcf7-form-control wpcf7-email wpcf7-validates-as-required wpcf7-text wpcf7-validates-as-email\" aria-required=\"true\" aria-invalid=\"false\" value=\"\" type=\"email\" name=\"your-email\" \/><\/span><\/label>\n<\/p>\n<div class=\"clearfix margin-bottom1\">\n<\/div>\n<p><label class=\"label\">T\u00e9l\u00e9phone <em>*<\/em><\/label><br \/>\n<label class=\"input\"><span class=\"wpcf7-form-control-wrap\" data-name=\"tel-757\"><input size=\"40\" maxlength=\"400\" class=\"wpcf7-form-control wpcf7-tel wpcf7-text wpcf7-validates-as-tel\" aria-invalid=\"false\" value=\"\" type=\"tel\" name=\"tel-757\" \/><\/span><\/label>\n<\/p>\n<div class=\"clearfix margin-bottom1\">\n<\/div>\n<p><label class=\"label\">Pays de r\u00e9sidence <em>*<\/em><\/label><br \/>\n<label class=\"input\"><span class=\"wpcf7-form-control-wrap\" data-name=\"your-country\"><input size=\"40\" maxlength=\"400\" class=\"wpcf7-form-control wpcf7-text wpcf7-validates-as-required\" aria-required=\"true\" aria-invalid=\"false\" value=\"\" type=\"text\" name=\"your-country\" \/><\/span><\/label>\n<\/p>\n<div class=\"clearfix margin-bottom1\">\n<\/div>\n<p><label class=\"label\">Ville <em>*<\/em><\/label><br \/>\n<label class=\"input\"><span class=\"wpcf7-form-control-wrap\" data-name=\"your-city\"><input size=\"40\" maxlength=\"400\" class=\"wpcf7-form-control wpcf7-text wpcf7-validates-as-required\" aria-required=\"true\" aria-invalid=\"false\" value=\"\" type=\"text\" name=\"your-city\" \/><\/span><\/label>\n<\/p>\n<div class=\"clearfix margin-bottom1\">\n<\/div>\n<p><label class=\"label\">Qui souhaitez-vous contacter ?<em>*<\/em><br \/>\n<\/label><label class=\"input-selection\"><span class=\"wpcf7-form-control-wrap\" data-name=\"subject\"><select class=\"wpcf7-form-control wpcf7-select wpcf7-validates-as-required\" aria-required=\"true\" aria-invalid=\"false\" name=\"subject\"><option value=\"\">&#8212;Please choose an option&#8212;<\/option><option value=\"Sup\u00e9co au S\u00e9n\u00e9gal\">Sup\u00e9co au S\u00e9n\u00e9gal<\/option><option value=\"Supeco centrale d\u2019achats France pour le r\u00e9seau Supeco Afrique\">Supeco centrale d\u2019achats France pour le r\u00e9seau Supeco Afrique<\/option><\/select><\/span><\/label>\n<\/p>\n<div class=\"clearfix margin-bottom1\">\n<\/div>\n<p><label class=\"label\">Objet <em>*<\/em><\/label><label class=\"input\"><span class=\"wpcf7-form-control-wrap\" data-name=\"your-subject\"><input size=\"40\" maxlength=\"400\" class=\"wpcf7-form-control wpcf7-text wpcf7-validates-as-required\" aria-required=\"true\" aria-invalid=\"false\" value=\"\" type=\"text\" name=\"your-subject\" \/><\/span><\/label>\n<\/p>\n<div class=\"clearfix margin-bottom1\">\n<\/div>\n<p><label class=\"label\">Message <em>*<\/em><\/label><label class=\"textarea\"><span class=\"wpcf7-form-control-wrap\" data-name=\"your-message\"><textarea cols=\"40\" rows=\"10\" maxlength=\"2000\" class=\"wpcf7-form-control wpcf7-textarea wpcf7-validates-as-required\" aria-required=\"true\" aria-invalid=\"false\" name=\"your-message\"><\/textarea><\/span><\/label>\n<\/p>\n<div class=\"clearfix margin-bottom\">\n<\/div>\n<p><label class=\"input-check\"><span class=\"wpcf7-form-control-wrap\" data-name=\"acceptance-182\"><span class=\"wpcf7-form-control wpcf7-acceptance\"><span class=\"wpcf7-list-item\"><input type=\"checkbox\" name=\"acceptance-182\" value=\"1\" aria-invalid=\"false\" \/><\/span><\/span><\/span>J'accepte d'\u00eatre contact\u00e9(e) ult\u00e9rieurement par Carrefour et ses filiales par courrier \u00e9lectronique (si cette case n'est pas coch\u00e9e, nous ne r\u00e9pondrons pas \u00e0 votre message)<\/label>\n<\/p>\n<div class=\"clearfix margin-bottom\">\n<\/div>\n<p><input class=\"wpcf7-form-control wpcf7-submit has-spinner button caps\" type=\"submit\" value=\"Envoyer\" \/>\n<\/p><div class=\"wpcf7-response-output\" aria-hidden=\"true\"><\/div>\n<\/form>\n<\/div>\n<\/div>\n\t\t\t\t\t\t<\/div>\n\t\t\t\t<\/div>\n\t\t\t\t<\/div>\n\t\t\t\t\t<\/div>\n\t\t\t\t<\/div>\n\t\t\t\t<\/div>\n\t\t","protected":false},"excerpt":{"rendered":"<p>Contactez-nous MERCI NOTER QUE LES CANDIDATURES POSTEES ICI NE SERONT PAS TRAITEES. Vous souhaitez un renseignement sur nos activit\u00e9s en Afrique de l\u2018Ouest ? Vous voulez proposer vos services et\/ou produits pour l&rsquo;Afrique de l\u2019Ouest ? Nous vous invitons \u00e0 prendre contact la structure qui correspond \u00e0 votre besoin en remplissant le formulaire ci-contre. Merci [&hellip;]<\/p>\n","protected":false},"author":1,"featured_media":0,"parent":0,"menu_order":0,"comment_status":"closed","ping_status":"closed","template":"","meta":{"_acf_changed":false,"footnotes":""},"class_list":["post-545","page","type-page","status-publish","hentry"],"pp_force_visibility":null,"pp_subpost_visibility":null,"pp_inherited_force_visibility":null,"pp_inherited_subpost_visibility":null,"acf":[],"yoast_head":"<!-- This site is optimized with the Yoast SEO plugin v25.2 - https:\/\/yoast.com\/wordpress\/plugins\/seo\/ -->\n<title>Contactez nous - Supeco<\/title>\n<meta name=\"robots\" content=\"index, follow, max-snippet:-1, max-image-preview:large, max-video-preview:-1\" \/>\n<link rel=\"canonical\" href=\"https:\/\/sbx82.cod.cc\/cfao\/supeco\/contactez-nous\/\" \/>\n<meta property=\"og:locale\" content=\"fr_FR\" \/>\n<meta property=\"og:type\" content=\"article\" \/>\n<meta property=\"og:title\" content=\"Contactez nous - Supeco\" \/>\n<meta property=\"og:description\" content=\"Contactez-nous MERCI NOTER QUE LES CANDIDATURES POSTEES ICI NE SERONT PAS TRAITEES. Vous souhaitez un renseignement sur nos activit\u00e9s en Afrique de l\u2018Ouest ? Vous voulez proposer vos services et\/ou produits pour l&rsquo;Afrique de l\u2019Ouest ? Nous vous invitons \u00e0 prendre contact la structure qui correspond \u00e0 votre besoin en remplissant le formulaire ci-contre. Merci [&hellip;]\" \/>\n<meta property=\"og:url\" content=\"https:\/\/sbx82.cod.cc\/cfao\/supeco\/contactez-nous\/\" \/>\n<meta property=\"og:site_name\" content=\"Supeco\" \/>\n<meta property=\"article:modified_time\" content=\"2025-05-26T12:41:46+00:00\" \/>\n<meta name=\"twitter:card\" content=\"summary_large_image\" \/>\n<meta name=\"twitter:label1\" content=\"Dur\u00e9e de lecture estim\u00e9e\" \/>\n\t<meta name=\"twitter:data1\" content=\"1 minute\" \/>\n<script type=\"application\/ld+json\" class=\"yoast-schema-graph\">{\"@context\":\"https:\/\/schema.org\",\"@graph\":[{\"@type\":\"WebPage\",\"@id\":\"https:\/\/sbx82.cod.cc\/cfao\/supeco\/contactez-nous\/\",\"url\":\"https:\/\/sbx82.cod.cc\/cfao\/supeco\/contactez-nous\/\",\"name\":\"Contactez nous - Supeco\",\"isPartOf\":{\"@id\":\"https:\/\/sbx82.cod.cc\/cfao\/supeco\/#website\"},\"datePublished\":\"2016-09-09T09:10:57+00:00\",\"dateModified\":\"2025-05-26T12:41:46+00:00\",\"inLanguage\":\"fr-FR\",\"potentialAction\":[{\"@type\":\"ReadAction\",\"target\":[\"https:\/\/sbx82.cod.cc\/cfao\/supeco\/contactez-nous\/\"]}]},{\"@type\":\"WebSite\",\"@id\":\"https:\/\/sbx82.cod.cc\/cfao\/supeco\/#website\",\"url\":\"https:\/\/sbx82.cod.cc\/cfao\/supeco\/\",\"name\":\"Supeco\",\"description\":\"Supermarch\u00e9 \u00e9conomique - permet de r\u00e9aliser des \u00e9conomies tous les jours\",\"publisher\":{\"@id\":\"https:\/\/sbx82.cod.cc\/cfao\/supeco\/#organization\"},\"potentialAction\":[{\"@type\":\"SearchAction\",\"target\":{\"@type\":\"EntryPoint\",\"urlTemplate\":\"https:\/\/sbx82.cod.cc\/cfao\/supeco\/?s={search_term_string}\"},\"query-input\":{\"@type\":\"PropertyValueSpecification\",\"valueRequired\":true,\"valueName\":\"search_term_string\"}}],\"inLanguage\":\"fr-FR\"},{\"@type\":\"Organization\",\"@id\":\"https:\/\/sbx82.cod.cc\/cfao\/supeco\/#organization\",\"name\":\"Supeco\",\"url\":\"https:\/\/sbx82.cod.cc\/cfao\/supeco\/\",\"logo\":{\"@type\":\"ImageObject\",\"inLanguage\":\"fr-FR\",\"@id\":\"https:\/\/sbx82.cod.cc\/cfao\/supeco\/#\/schema\/logo\/image\/\",\"url\":\"https:\/\/sbx82.cod.cc\/cfao\/supeco\/wp-content\/uploads\/2019\/03\/supeco-baseline-rectangle-logo.gif\",\"contentUrl\":\"https:\/\/sbx82.cod.cc\/cfao\/supeco\/wp-content\/uploads\/2019\/03\/supeco-baseline-rectangle-logo.gif\",\"width\":200,\"height\":73,\"caption\":\"Supeco\"},\"image\":{\"@id\":\"https:\/\/sbx82.cod.cc\/cfao\/supeco\/#\/schema\/logo\/image\/\"},\"sameAs\":[\"https:\/\/www.linkedin.com\/company\/28987507\/\"]}]}<\/script>\n<!-- \/ Yoast SEO plugin. -->","yoast_head_json":{"title":"Contactez nous - Supeco","robots":{"index":"index","follow":"follow","max-snippet":"max-snippet:-1","max-image-preview":"max-image-preview:large","max-video-preview":"max-video-preview:-1"},"canonical":"https:\/\/sbx82.cod.cc\/cfao\/supeco\/contactez-nous\/","og_locale":"fr_FR","og_type":"article","og_title":"Contactez nous - Supeco","og_description":"Contactez-nous MERCI NOTER QUE LES CANDIDATURES POSTEES ICI NE SERONT PAS TRAITEES. Vous souhaitez un renseignement sur nos activit\u00e9s en Afrique de l\u2018Ouest ? Vous voulez proposer vos services et\/ou produits pour l&rsquo;Afrique de l\u2019Ouest ? Nous vous invitons \u00e0 prendre contact la structure qui correspond \u00e0 votre besoin en remplissant le formulaire ci-contre. Merci [&hellip;]","og_url":"https:\/\/sbx82.cod.cc\/cfao\/supeco\/contactez-nous\/","og_site_name":"Supeco","article_modified_time":"2025-05-26T12:41:46+00:00","twitter_card":"summary_large_image","twitter_misc":{"Dur\u00e9e de lecture estim\u00e9e":"1 minute"},"schema":{"@context":"https:\/\/schema.org","@graph":[{"@type":"WebPage","@id":"https:\/\/sbx82.cod.cc\/cfao\/supeco\/contactez-nous\/","url":"https:\/\/sbx82.cod.cc\/cfao\/supeco\/contactez-nous\/","name":"Contactez nous - Supeco","isPartOf":{"@id":"https:\/\/sbx82.cod.cc\/cfao\/supeco\/#website"},"datePublished":"2016-09-09T09:10:57+00:00","dateModified":"2025-05-26T12:41:46+00:00","inLanguage":"fr-FR","potentialAction":[{"@type":"ReadAction","target":["https:\/\/sbx82.cod.cc\/cfao\/supeco\/contactez-nous\/"]}]},{"@type":"WebSite","@id":"https:\/\/sbx82.cod.cc\/cfao\/supeco\/#website","url":"https:\/\/sbx82.cod.cc\/cfao\/supeco\/","name":"Supeco","description":"Supermarch\u00e9 \u00e9conomique - permet de r\u00e9aliser des \u00e9conomies tous les jours","publisher":{"@id":"https:\/\/sbx82.cod.cc\/cfao\/supeco\/#organization"},"potentialAction":[{"@type":"SearchAction","target":{"@type":"EntryPoint","urlTemplate":"https:\/\/sbx82.cod.cc\/cfao\/supeco\/?s={search_term_string}"},"query-input":{"@type":"PropertyValueSpecification","valueRequired":true,"valueName":"search_term_string"}}],"inLanguage":"fr-FR"},{"@type":"Organization","@id":"https:\/\/sbx82.cod.cc\/cfao\/supeco\/#organization","name":"Supeco","url":"https:\/\/sbx82.cod.cc\/cfao\/supeco\/","logo":{"@type":"ImageObject","inLanguage":"fr-FR","@id":"https:\/\/sbx82.cod.cc\/cfao\/supeco\/#\/schema\/logo\/image\/","url":"https:\/\/sbx82.cod.cc\/cfao\/supeco\/wp-content\/uploads\/2019\/03\/supeco-baseline-rectangle-logo.gif","contentUrl":"https:\/\/sbx82.cod.cc\/cfao\/supeco\/wp-content\/uploads\/2019\/03\/supeco-baseline-rectangle-logo.gif","width":200,"height":73,"caption":"Supeco"},"image":{"@id":"https:\/\/sbx82.cod.cc\/cfao\/supeco\/#\/schema\/logo\/image\/"},"sameAs":["https:\/\/www.linkedin.com\/company\/28987507\/"]}]}},"_links":{"self":[{"href":"https:\/\/sbx82.cod.cc\/cfao\/supeco\/wp-json\/wp\/v2\/pages\/545","targetHints":{"allow":["GET"]}}],"collection":[{"href":"https:\/\/sbx82.cod.cc\/cfao\/supeco\/wp-json\/wp\/v2\/pages"}],"about":[{"href":"https:\/\/sbx82.cod.cc\/cfao\/supeco\/wp-json\/wp\/v2\/types\/page"}],"author":[{"embeddable":true,"href":"https:\/\/sbx82.cod.cc\/cfao\/supeco\/wp-json\/wp\/v2\/users\/1"}],"replies":[{"embeddable":true,"href":"https:\/\/sbx82.cod.cc\/cfao\/supeco\/wp-json\/wp\/v2\/comments?post=545"}],"version-history":[{"count":69,"href":"https:\/\/sbx82.cod.cc\/cfao\/supeco\/wp-json\/wp\/v2\/pages\/545\/revisions"}],"predecessor-version":[{"id":3777,"href":"https:\/\/sbx82.cod.cc\/cfao\/supeco\/wp-json\/wp\/v2\/pages\/545\/revisions\/3777"}],"wp:attachment":[{"href":"https:\/\/sbx82.cod.cc\/cfao\/supeco\/wp-json\/wp\/v2\/media?parent=545"}],"curies":[{"name":"wp","href":"https:\/\/api.w.org\/{rel}","templated":true}]}}