{"id":2427,"date":"2021-04-06T09:31:53","date_gmt":"2021-04-06T07:31:53","guid":{"rendered":"https:\/\/sbx82.cod.cc\/cfao\/supeco\/?page_id=2427"},"modified":"2025-05-26T15:13:35","modified_gmt":"2025-05-26T13:13:35","slug":"offres-supeco-cote-divoire","status":"publish","type":"page","link":"https:\/\/sbx82.cod.cc\/cfao\/supeco\/offres-supeco-cote-divoire\/","title":{"rendered":"Offres Sup\u00e9co C\u00f4te d\u2019Ivoire"},"content":{"rendered":"\t\t<div data-elementor-type=\"wp-page\" data-elementor-id=\"2427\" class=\"elementor elementor-2427\" data-elementor-post-type=\"page\">\n\t\t\t\t<div class=\"elementor-element elementor-element-73db32a2 e-flex e-con-boxed e-con e-parent\" data-id=\"73db32a2\" data-element_type=\"container\">\n\t\t\t\t\t<div class=\"e-con-inner\">\n\t\t\t\t<div class=\"elementor-element elementor-element-3d2d2333 elementor-widget elementor-widget-spacer\" data-id=\"3d2d2333\" data-element_type=\"widget\" data-widget_type=\"spacer.default\">\n\t\t\t\t<div class=\"elementor-widget-container\">\n\t\t\t\t\t\t\t<div class=\"elementor-spacer\">\n\t\t\t<div class=\"elementor-spacer-inner\"><\/div>\n\t\t<\/div>\n\t\t\t\t\t\t<\/div>\n\t\t\t\t<\/div>\n\t\t\t\t\t<\/div>\n\t\t\t\t<\/div>\n\t\t<div class=\"elementor-element elementor-element-222625c5 e-flex e-con-boxed e-con e-parent\" data-id=\"222625c5\" data-element_type=\"container\">\n\t\t\t\t\t<div class=\"e-con-inner\">\n\t\t<div class=\"elementor-element elementor-element-68e76720 e-con-full e-flex e-con e-child\" data-id=\"68e76720\" data-element_type=\"container\">\n\t\t\t\t<div class=\"elementor-element elementor-element-4ae21d76 elementor-widget elementor-widget-shortcode\" data-id=\"4ae21d76\" data-element_type=\"widget\" data-widget_type=\"shortcode.default\">\n\t\t\t\t<div class=\"elementor-widget-container\">\n\t\t\t\t\t\t\t<div class=\"elementor-shortcode\"><div class=\"_df_book df-lite\" id=\"df_2614\"  _slug=\"vos-courses-moins-cher-chez-supeco-cote-divoire\" data-title=\"offres-supeco-cote-divoire\" wpoptions=\"true\" thumb=\"https:\/\/sbx82.cod.cc\/cfao\/supeco\/wp-content\/uploads\/2023\/04\/FLYER-SUPECO-Square_page-0001.jpg\" thumbtype=\"\" ><\/div><script class=\"df-shortcode-script\" nowprocket type=\"application\/javascript\">window.option_df_2614 = {\"outline\":[],\"autoEnableOutline\":\"false\",\"autoEnableThumbnail\":\"false\",\"overwritePDFOutline\":\"false\",\"direction\":\"1\",\"pageSize\":\"0\",\"source\":\"https:\\\/\\\/sbx82.cod.cc\\\/cfao\\\/supeco\\\/wp-content\\\/uploads\\\/2023\\\/07\\\/sup.pdf\",\"wpOptions\":\"true\"}; if(window.DFLIP && window.DFLIP.parseBooks){window.DFLIP.parseBooks();}<\/script><\/div>\n\t\t\t\t\t\t<\/div>\n\t\t\t\t<\/div>\n\t\t\t\t<\/div>\n\t\t<div class=\"elementor-element elementor-element-2f96b99e e-con-full e-flex e-con e-child\" data-id=\"2f96b99e\" data-element_type=\"container\">\n\t\t\t\t<div class=\"elementor-element elementor-element-5da60d71 elementor-widget elementor-widget-heading\" data-id=\"5da60d71\" data-element_type=\"widget\" data-widget_type=\"heading.default\">\n\t\t\t\t<div class=\"elementor-widget-container\">\n\t\t\t\t\t<h4 class=\"elementor-heading-title elementor-size-default\">Menu offres<\/h4>\t\t\t\t<\/div>\n\t\t\t\t<\/div>\n\t\t\t\t<div class=\"elementor-element elementor-element-2a157274 ul-m-0 elementor-widget elementor-widget-text-editor\" data-id=\"2a157274\" data-element_type=\"widget\" data-widget_type=\"text-editor.default\">\n\t\t\t\t<div class=\"elementor-widget-container\">\n\t\t\t\t\t\t\t\t\t<ul><li><a href=\"https:\/\/sbx82.cod.cc\/cfao\/supeco\/offres-supeco-cameroun\/\">Offres Sup\u00e9co Cameroun<\/a><\/li><li><a href=\"https:\/\/sbx82.cod.cc\/cfao\/supeco\/offres-supeco-cote-divoire\/\">Sup\u00e9co C\u00f4te d\u2019Ivoire<\/a><\/li><li><a href=\"https:\/\/sbx82.cod.cc\/cfao\/supeco\/senegal\/\">Offres Sup\u00e9co Senegal<\/a><\/li><\/ul>\t\t\t\t\t\t\t\t<\/div>\n\t\t\t\t<\/div>\n\t\t\t\t<\/div>\n\t\t\t\t\t<\/div>\n\t\t\t\t<\/div>\n\t\t\t\t<\/div>\n\t\t","protected":false},"excerpt":{"rendered":"<p>Menu offres Offres Sup\u00e9co Cameroun Sup\u00e9co C\u00f4te d\u2019Ivoire Offres Sup\u00e9co Senegal<\/p>\n","protected":false},"author":1,"featured_media":0,"parent":0,"menu_order":0,"comment_status":"closed","ping_status":"closed","template":"","meta":{"_acf_changed":false,"footnotes":""},"class_list":["post-2427","page","type-page","status-publish","hentry"],"pp_force_visibility":null,"pp_subpost_visibility":null,"pp_inherited_force_visibility":null,"pp_inherited_subpost_visibility":null,"acf":[],"yoast_head":"<!-- This site is optimized with the Yoast SEO plugin v25.2 - https:\/\/yoast.com\/wordpress\/plugins\/seo\/ -->\n<title>Offres Sup\u00e9co C\u00f4te d\u2019Ivoire - Supeco<\/title>\n<meta name=\"robots\" content=\"index, follow, max-snippet:-1, max-image-preview:large, max-video-preview:-1\" \/>\n<link rel=\"canonical\" href=\"https:\/\/sbx82.cod.cc\/cfao\/supeco\/offres-supeco-cote-divoire\/\" \/>\n<meta property=\"og:locale\" content=\"fr_FR\" \/>\n<meta property=\"og:type\" content=\"article\" \/>\n<meta property=\"og:title\" content=\"Offres Sup\u00e9co C\u00f4te d\u2019Ivoire - Supeco\" \/>\n<meta property=\"og:description\" content=\"Menu offres Offres Sup\u00e9co Cameroun Sup\u00e9co C\u00f4te d\u2019Ivoire Offres Sup\u00e9co Senegal\" \/>\n<meta property=\"og:url\" content=\"https:\/\/sbx82.cod.cc\/cfao\/supeco\/offres-supeco-cote-divoire\/\" \/>\n<meta property=\"og:site_name\" content=\"Supeco\" \/>\n<meta property=\"article:modified_time\" content=\"2025-05-26T13:13:35+00:00\" \/>\n<meta name=\"twitter:card\" content=\"summary_large_image\" \/>\n<meta name=\"twitter:label1\" content=\"Dur\u00e9e de lecture estim\u00e9e\" \/>\n\t<meta name=\"twitter:data1\" content=\"1 minute\" \/>\n<script type=\"application\/ld+json\" class=\"yoast-schema-graph\">{\"@context\":\"https:\/\/schema.org\",\"@graph\":[{\"@type\":\"WebPage\",\"@id\":\"https:\/\/sbx82.cod.cc\/cfao\/supeco\/offres-supeco-cote-divoire\/\",\"url\":\"https:\/\/sbx82.cod.cc\/cfao\/supeco\/offres-supeco-cote-divoire\/\",\"name\":\"Offres Sup\u00e9co C\u00f4te d\u2019Ivoire - Supeco\",\"isPartOf\":{\"@id\":\"https:\/\/sbx82.cod.cc\/cfao\/supeco\/#website\"},\"datePublished\":\"2021-04-06T07:31:53+00:00\",\"dateModified\":\"2025-05-26T13:13:35+00:00\",\"inLanguage\":\"fr-FR\",\"potentialAction\":[{\"@type\":\"ReadAction\",\"target\":[\"https:\/\/sbx82.cod.cc\/cfao\/supeco\/offres-supeco-cote-divoire\/\"]}]},{\"@type\":\"WebSite\",\"@id\":\"https:\/\/sbx82.cod.cc\/cfao\/supeco\/#website\",\"url\":\"https:\/\/sbx82.cod.cc\/cfao\/supeco\/\",\"name\":\"Supeco\",\"description\":\"Supermarch\u00e9 \u00e9conomique - permet de r\u00e9aliser des \u00e9conomies tous les jours\",\"publisher\":{\"@id\":\"https:\/\/sbx82.cod.cc\/cfao\/supeco\/#organization\"},\"potentialAction\":[{\"@type\":\"SearchAction\",\"target\":{\"@type\":\"EntryPoint\",\"urlTemplate\":\"https:\/\/sbx82.cod.cc\/cfao\/supeco\/?s={search_term_string}\"},\"query-input\":{\"@type\":\"PropertyValueSpecification\",\"valueRequired\":true,\"valueName\":\"search_term_string\"}}],\"inLanguage\":\"fr-FR\"},{\"@type\":\"Organization\",\"@id\":\"https:\/\/sbx82.cod.cc\/cfao\/supeco\/#organization\",\"name\":\"Supeco\",\"url\":\"https:\/\/sbx82.cod.cc\/cfao\/supeco\/\",\"logo\":{\"@type\":\"ImageObject\",\"inLanguage\":\"fr-FR\",\"@id\":\"https:\/\/sbx82.cod.cc\/cfao\/supeco\/#\/schema\/logo\/image\/\",\"url\":\"https:\/\/sbx82.cod.cc\/cfao\/supeco\/wp-content\/uploads\/2019\/03\/supeco-baseline-rectangle-logo.gif\",\"contentUrl\":\"https:\/\/sbx82.cod.cc\/cfao\/supeco\/wp-content\/uploads\/2019\/03\/supeco-baseline-rectangle-logo.gif\",\"width\":200,\"height\":73,\"caption\":\"Supeco\"},\"image\":{\"@id\":\"https:\/\/sbx82.cod.cc\/cfao\/supeco\/#\/schema\/logo\/image\/\"},\"sameAs\":[\"https:\/\/www.linkedin.com\/company\/28987507\/\"]}]}<\/script>\n<!-- \/ Yoast SEO plugin. -->","yoast_head_json":{"title":"Offres Sup\u00e9co C\u00f4te d\u2019Ivoire - Supeco","robots":{"index":"index","follow":"follow","max-snippet":"max-snippet:-1","max-image-preview":"max-image-preview:large","max-video-preview":"max-video-preview:-1"},"canonical":"https:\/\/sbx82.cod.cc\/cfao\/supeco\/offres-supeco-cote-divoire\/","og_locale":"fr_FR","og_type":"article","og_title":"Offres Sup\u00e9co C\u00f4te d\u2019Ivoire - Supeco","og_description":"Menu offres Offres Sup\u00e9co Cameroun Sup\u00e9co C\u00f4te d\u2019Ivoire Offres Sup\u00e9co Senegal","og_url":"https:\/\/sbx82.cod.cc\/cfao\/supeco\/offres-supeco-cote-divoire\/","og_site_name":"Supeco","article_modified_time":"2025-05-26T13:13:35+00:00","twitter_card":"summary_large_image","twitter_misc":{"Dur\u00e9e de lecture estim\u00e9e":"1 minute"},"schema":{"@context":"https:\/\/schema.org","@graph":[{"@type":"WebPage","@id":"https:\/\/sbx82.cod.cc\/cfao\/supeco\/offres-supeco-cote-divoire\/","url":"https:\/\/sbx82.cod.cc\/cfao\/supeco\/offres-supeco-cote-divoire\/","name":"Offres Sup\u00e9co C\u00f4te d\u2019Ivoire - Supeco","isPartOf":{"@id":"https:\/\/sbx82.cod.cc\/cfao\/supeco\/#website"},"datePublished":"2021-04-06T07:31:53+00:00","dateModified":"2025-05-26T13:13:35+00:00","inLanguage":"fr-FR","potentialAction":[{"@type":"ReadAction","target":["https:\/\/sbx82.cod.cc\/cfao\/supeco\/offres-supeco-cote-divoire\/"]}]},{"@type":"WebSite","@id":"https:\/\/sbx82.cod.cc\/cfao\/supeco\/#website","url":"https:\/\/sbx82.cod.cc\/cfao\/supeco\/","name":"Supeco","description":"Supermarch\u00e9 \u00e9conomique - permet de r\u00e9aliser des \u00e9conomies tous les jours","publisher":{"@id":"https:\/\/sbx82.cod.cc\/cfao\/supeco\/#organization"},"potentialAction":[{"@type":"SearchAction","target":{"@type":"EntryPoint","urlTemplate":"https:\/\/sbx82.cod.cc\/cfao\/supeco\/?s={search_term_string}"},"query-input":{"@type":"PropertyValueSpecification","valueRequired":true,"valueName":"search_term_string"}}],"inLanguage":"fr-FR"},{"@type":"Organization","@id":"https:\/\/sbx82.cod.cc\/cfao\/supeco\/#organization","name":"Supeco","url":"https:\/\/sbx82.cod.cc\/cfao\/supeco\/","logo":{"@type":"ImageObject","inLanguage":"fr-FR","@id":"https:\/\/sbx82.cod.cc\/cfao\/supeco\/#\/schema\/logo\/image\/","url":"https:\/\/sbx82.cod.cc\/cfao\/supeco\/wp-content\/uploads\/2019\/03\/supeco-baseline-rectangle-logo.gif","contentUrl":"https:\/\/sbx82.cod.cc\/cfao\/supeco\/wp-content\/uploads\/2019\/03\/supeco-baseline-rectangle-logo.gif","width":200,"height":73,"caption":"Supeco"},"image":{"@id":"https:\/\/sbx82.cod.cc\/cfao\/supeco\/#\/schema\/logo\/image\/"},"sameAs":["https:\/\/www.linkedin.com\/company\/28987507\/"]}]}},"_links":{"self":[{"href":"https:\/\/sbx82.cod.cc\/cfao\/supeco\/wp-json\/wp\/v2\/pages\/2427","targetHints":{"allow":["GET"]}}],"collection":[{"href":"https:\/\/sbx82.cod.cc\/cfao\/supeco\/wp-json\/wp\/v2\/pages"}],"about":[{"href":"https:\/\/sbx82.cod.cc\/cfao\/supeco\/wp-json\/wp\/v2\/types\/page"}],"author":[{"embeddable":true,"href":"https:\/\/sbx82.cod.cc\/cfao\/supeco\/wp-json\/wp\/v2\/users\/1"}],"replies":[{"embeddable":true,"href":"https:\/\/sbx82.cod.cc\/cfao\/supeco\/wp-json\/wp\/v2\/comments?post=2427"}],"version-history":[{"count":27,"href":"https:\/\/sbx82.cod.cc\/cfao\/supeco\/wp-json\/wp\/v2\/pages\/2427\/revisions"}],"predecessor-version":[{"id":3803,"href":"https:\/\/sbx82.cod.cc\/cfao\/supeco\/wp-json\/wp\/v2\/pages\/2427\/revisions\/3803"}],"wp:attachment":[{"href":"https:\/\/sbx82.cod.cc\/cfao\/supeco\/wp-json\/wp\/v2\/media?parent=2427"}],"curies":[{"name":"wp","href":"https:\/\/api.w.org\/{rel}","templated":true}]}}